{"id":3635,"date":"2024-06-24T18:08:24","date_gmt":"2024-06-24T10:08:24","guid":{"rendered":"https:\/\/maxcolorvisual.com\/hk\/\/?post_type=product&#038;p=3635"},"modified":"2024-07-18T11:04:45","modified_gmt":"2024-07-18T03:04:45","slug":"uhd600-cob-led-display-series","status":"publish","type":"product","link":"https:\/\/maxcolorvisual.com\/hk\/product\/uhd600-cob-led-display-series","title":{"rendered":"UHD600 COB LED Display Series"},"content":{"rendered":"<div id=\"attachment_3637\" style=\"width: 810px\" class=\"wp-caption aligncenter\"><img loading=\"lazy\" decoding=\"async\" aria-describedby=\"caption-attachment-3637\" class=\"size-full wp-image-3637\" title=\"Maxcolor 600X337.5mm COB LED display (1)\" src=\"https:\/\/maxcolorvisual.com\/hk\/\/wp-content\/uploads\/2024\/06\/Maxcolor-600X337.5mm-COB-LED-display-1.jpg\" alt=\"Maxcolor 600X337.5mm COB LED display (1)\" width=\"800\" height=\"446\" srcset=\"https:\/\/maxcolorvisual.com\/hk\/\/wp-content\/uploads\/2024\/06\/Maxcolor-600X337.5mm-COB-LED-display-1.jpg 800w, https:\/\/maxcolorvisual.com\/hk\/\/wp-content\/uploads\/2024\/06\/Maxcolor-600X337.5mm-COB-LED-display-1-480x268.jpg 480w\" sizes=\"(min-width: 0px) and (max-width: 480px) 480px, (min-width: 481px) 800px, 100vw\" \/><p id=\"caption-attachment-3637\" class=\"wp-caption-text\">Maxcolor 600X337.5mm COB LED display (1)<\/p><\/div>\n<p>&nbsp;<\/p>\n<p>This product adopts COB encapsulation technology, which is different from the traditional SMD surface-mount encapsulation. It integrates the light-emitting RGB chip on the PCB board 16:9<\/p>\n<h2><\/h2>\n<h2>GOLDEN RATIO DESIGN<\/h2>\n<p>16:9 ratio cabinet design,2K\/4K\/8Kdottodotmatch resolution,ltboasts an excellent cabinet design, prized for its ultra-lightweight and ultra-thin features.instead of soldering LED lamp to the PCB one by one. This technology effectively improves the reliability, light color and protection performance of LED display.<\/p>\n<div id=\"attachment_3639\" style=\"width: 810px\" class=\"wp-caption aligncenter\"><img loading=\"lazy\" decoding=\"async\" aria-describedby=\"caption-attachment-3639\" class=\"size-full wp-image-3639\" title=\"Maxcolor 600X337.5mm COB LED display (3)\" src=\"https:\/\/maxcolorvisual.com\/hk\/\/wp-content\/uploads\/2024\/06\/Maxcolor-600X337.5mm-COB-LED-display-3.jpg\" alt=\"Maxcolor 600X337.5mm COB LED display (3)\" width=\"800\" height=\"467\" srcset=\"https:\/\/maxcolorvisual.com\/hk\/\/wp-content\/uploads\/2024\/06\/Maxcolor-600X337.5mm-COB-LED-display-3.jpg 800w, https:\/\/maxcolorvisual.com\/hk\/\/wp-content\/uploads\/2024\/06\/Maxcolor-600X337.5mm-COB-LED-display-3-480x280.jpg 480w\" sizes=\"(min-width: 0px) and (max-width: 480px) 480px, (min-width: 481px) 800px, 100vw\" \/><p id=\"caption-attachment-3639\" class=\"wp-caption-text\">Maxcolor 600X337.5mm COB LED display (3)<\/p><\/div>\n<p>&nbsp;<\/p>\n<h2>HIGH PROTECTION LEVEL OF THE MODULE<\/h2>\n<p>Module NoPlastic housing design,and 150mmx168.75mm Module size,tface lP65,water-proof,dust-proof, anti-oxidation,anti-static,anti-impact.<\/p>\n<div id=\"attachment_3640\" style=\"width: 810px\" class=\"wp-caption aligncenter\"><img loading=\"lazy\" decoding=\"async\" aria-describedby=\"caption-attachment-3640\" class=\"size-full wp-image-3640\" title=\"Maxcolor 600X337.5mm COB LED display (4)\" src=\"https:\/\/maxcolorvisual.com\/hk\/\/wp-content\/uploads\/2024\/06\/Maxcolor-600X337.5mm-COB-LED-display-4.jpg\" alt=\"Maxcolor 600X337.5mm COB LED display (4)\" width=\"800\" height=\"662\" srcset=\"https:\/\/maxcolorvisual.com\/hk\/\/wp-content\/uploads\/2024\/06\/Maxcolor-600X337.5mm-COB-LED-display-4.jpg 800w, https:\/\/maxcolorvisual.com\/hk\/\/wp-content\/uploads\/2024\/06\/Maxcolor-600X337.5mm-COB-LED-display-4-480x397.jpg 480w\" sizes=\"(min-width: 0px) and (max-width: 480px) 480px, (min-width: 481px) 800px, 100vw\" \/><p id=\"caption-attachment-3640\" class=\"wp-caption-text\">Maxcolor 600X337.5mm COB LED display (4)<\/p><\/div>\n<p>&nbsp;<\/p>\n<h2>NSTALLATION METHOD<\/h2>\n<div id=\"attachment_3641\" style=\"width: 810px\" class=\"wp-caption aligncenter\"><img loading=\"lazy\" decoding=\"async\" aria-describedby=\"caption-attachment-3641\" class=\"size-full wp-image-3641\" title=\"Maxcolor 600X337.5mm COB LED display (5)\" src=\"https:\/\/maxcolorvisual.com\/hk\/\/wp-content\/uploads\/2024\/06\/Maxcolor-600X337.5mm-COB-LED-display-5.jpg\" alt=\"Maxcolor 600X337.5mm COB LED display (5)\" width=\"800\" height=\"362\" srcset=\"https:\/\/maxcolorvisual.com\/hk\/\/wp-content\/uploads\/2024\/06\/Maxcolor-600X337.5mm-COB-LED-display-5.jpg 800w, https:\/\/maxcolorvisual.com\/hk\/\/wp-content\/uploads\/2024\/06\/Maxcolor-600X337.5mm-COB-LED-display-5-480x217.jpg 480w\" sizes=\"(min-width: 0px) and (max-width: 480px) 480px, (min-width: 481px) 800px, 100vw\" \/><p id=\"caption-attachment-3641\" class=\"wp-caption-text\">Maxcolor 600X337.5mm COB LED display (5)<\/p><\/div>\n<div class=\"mceTemp\"><\/div>\n<h2>ULTRA HD VISUAL EFFECT<\/h2>\n<p>MINl COB LED cabinet with 16:9 golden ratio,3840HZhighrefreshrate and fine pixel pitch,can be the best choice forhigh-end indoorLED screens.<\/p>\n<div id=\"attachment_3638\" style=\"width: 810px\" class=\"wp-caption aligncenter\"><img loading=\"lazy\" decoding=\"async\" aria-describedby=\"caption-attachment-3638\" class=\"size-full wp-image-3638\" title=\"Maxcolor 600X337.5mm COB LED display (2)\" src=\"https:\/\/maxcolorvisual.com\/hk\/\/wp-content\/uploads\/2024\/06\/Maxcolor-600X337.5mm-COB-LED-display-2.jpg\" alt=\"Maxcolor 600X337.5mm COB LED display (2)\" width=\"800\" height=\"587\" srcset=\"https:\/\/maxcolorvisual.com\/hk\/\/wp-content\/uploads\/2024\/06\/Maxcolor-600X337.5mm-COB-LED-display-2.jpg 800w, https:\/\/maxcolorvisual.com\/hk\/\/wp-content\/uploads\/2024\/06\/Maxcolor-600X337.5mm-COB-LED-display-2-480x352.jpg 480w\" sizes=\"(min-width: 0px) and (max-width: 480px) 480px, (min-width: 481px) 800px, 100vw\" \/><p id=\"caption-attachment-3638\" class=\"wp-caption-text\">Maxcolor 600X337.5mm COB LED display (2)<\/p><\/div>\n<h2><b>Module Picture<\/b><\/h2>\n<p>&nbsp;<\/p>\n<div id=\"attachment_3566\" style=\"width: 810px\" class=\"wp-caption aligncenter\"><img loading=\"lazy\" decoding=\"async\" aria-describedby=\"caption-attachment-3566\" class=\"size-full wp-image-3566\" title=\"MaxcolorLED Cob module\" src=\"https:\/\/maxcolorvisual.com\/hk\/\/wp-content\/uploads\/2024\/04\/MaxcolorLED-Cob-module.jpg\" alt=\"MaxcolorLED Cob module\" width=\"800\" height=\"446\" srcset=\"https:\/\/maxcolorvisual.com\/hk\/\/wp-content\/uploads\/2024\/04\/MaxcolorLED-Cob-module.jpg 800w, https:\/\/maxcolorvisual.com\/hk\/\/wp-content\/uploads\/2024\/04\/MaxcolorLED-Cob-module-480x268.jpg 480w\" sizes=\"(min-width: 0px) and (max-width: 480px) 480px, (min-width: 481px) 800px, 100vw\" \/><p id=\"caption-attachment-3566\" class=\"wp-caption-text\"><strong>MaxcolorLED 150mmx168.75mm Cob module<\/strong><\/p><\/div>\n<p>&nbsp;<\/p>\n<table style=\"border-collapse: collapse; width: 428.27pt;\" border=\"0\" width=\"571\" cellspacing=\"0\" cellpadding=\"0\">\n<tbody>\n<tr style=\"height: 24.25pt;\">\n<td class=\"et2\" style=\"height: 24.25pt; width: 175.938px;\" height=\"32\"><strong><span class=\"font2\">Item<\/span><\/strong><\/td>\n<td class=\"et2\" style=\"width: 392.078px;\"><strong><span class=\"font2\">Specification<\/span><\/strong><\/td>\n<\/tr>\n<tr style=\"height: 23.00pt;\">\n<td class=\"et3\" style=\"height: 23pt; width: 175.938px;\" height=\"30\"><strong><span class=\"font3\">Series<\/span><\/strong><\/td>\n<td class=\"et3\" style=\"width: 392.078px;\"><span class=\"font3\">Flip chip COB Series<\/span><\/td>\n<\/tr>\n<tr style=\"height: 22.50pt;\">\n<td class=\"et4\" style=\"height: 22.5pt; width: 175.938px;\" height=\"30\"><strong><span class=\"font3\">Material<\/span><\/strong><\/td>\n<td class=\"et3\" style=\"width: 392.078px;\"><span class=\"font3\">No Plastic housing<\/span><\/td>\n<\/tr>\n<tr style=\"height: 22.00pt;\">\n<td class=\"et3\" style=\"height: 22pt; width: 175.938px;\" height=\"29\"><strong><span class=\"font3\">Pixel Pitch<\/span><\/strong><\/td>\n<td class=\"et3\" style=\"width: 392.078px;\"><span class=\"font3\">0.9375mm,1.25mm,1.5625mm,1.875mm,2.34mm<\/span><\/td>\n<\/tr>\n<tr style=\"height: 23.00pt;\">\n<td class=\"et3\" style=\"height: 23pt; width: 175.938px;\" height=\"30\"><strong><span class=\"font3\">Resolution<\/span><\/strong><\/td>\n<td class=\"et3\" style=\"width: 392.078px;\"><span class=\"font3\">160\u00d7180,120\u00d7135,96\u00d7108,80\u00d790,64\u00d772<\/span><\/td>\n<\/tr>\n<tr style=\"height: 22.25pt;\">\n<td class=\"et3\" style=\"height: 22.25pt; width: 175.938px;\" height=\"29\"><strong><span class=\"font3\">Module Size<\/span><\/strong><\/td>\n<td class=\"et3\" style=\"width: 392.078px;\"><span class=\"font3\">150mm x168.75mm (WxH)<\/span><\/td>\n<\/tr>\n<tr style=\"height: 19.35pt;\">\n<td class=\"et5\" style=\"height: 19.35pt; width: 175.938px;\" height=\"25\"><strong>Module Weight<\/strong><\/td>\n<td class=\"et5\" style=\"width: 392.078px;\">150g\u00b110g<\/td>\n<\/tr>\n<\/tbody>\n<\/table>\n<div><\/div>\n<h2><b>Cabinet Picture<\/b><\/h2>\n<div id=\"attachment_3642\" style=\"width: 810px\" class=\"wp-caption aligncenter\"><img loading=\"lazy\" decoding=\"async\" aria-describedby=\"caption-attachment-3642\" class=\"size-full wp-image-3642\" title=\"Maxcolor 600X337.5mm COB LED display (6)\" src=\"https:\/\/maxcolorvisual.com\/hk\/\/wp-content\/uploads\/2024\/06\/Maxcolor-600X337.5mm-COB-LED-display-6.jpg\" alt=\"Maxcolor 600X337.5mm COB LED display (6)\" width=\"800\" height=\"293\" srcset=\"https:\/\/maxcolorvisual.com\/hk\/\/wp-content\/uploads\/2024\/06\/Maxcolor-600X337.5mm-COB-LED-display-6.jpg 800w, https:\/\/maxcolorvisual.com\/hk\/\/wp-content\/uploads\/2024\/06\/Maxcolor-600X337.5mm-COB-LED-display-6-480x176.jpg 480w\" sizes=\"(min-width: 0px) and (max-width: 480px) 480px, (min-width: 481px) 800px, 100vw\" \/><p id=\"caption-attachment-3642\" class=\"wp-caption-text\">Maxcolor 600X337.5mm COB LED display (6)<\/p><\/div>\n<p>&nbsp;<\/p>\n<h2><strong>The advantages of COB technology<\/strong><\/h2>\n<p>First point: Compared with traditional SMD products, the biggest advantage of COB products is that they are more integrated and can achieve higher resolution and better display effects.<\/p>\n<p>SMD products have\u00a0frame encloses the chips,\u00a0This frame occupies a very large volume\u00a0and will hinder the distance between the two sets of LED chips.\u00a0But the chips of COB products are directly fixed on our PCB board, and\u00a0our COB The distance between the chips\u00a0there is no frame, so\u00a0COB will higher integration\u00a0level and higher pixel density can be achieved.<\/p>\n<p>Second point: COB products will dissipate heat better.\u00a0The\u00a0chips of traditional SMD products will generate heat when they working. This heat needs to pass through frame\u00a0first and then be transferred to the PCB board and then dissipation.\u00a0But The chip of COB products is direct fixed with the PCB board. The heat generated when working can be directly transferred through the PCB board and dissipation, so COB heat dissipation will be better.<\/p>\n<p>The third point: COB products are more reliable,\u00a0The lamp of traditional SMD products are directly exposed to the outside, It is easy to crash and cause broken lamps, and water vapor and dust can cause short circuit problems. The entire surface of the COB product is encapsulated, completely protecting the entire circuit within the encapsulation layer and providing additional physical protection. For example, tapping and scratching are absolutely no problem.<\/p>\n<p>Point 4: COB products change from a traditional point light source to an area light source. When you take videos or pictures to\u00a0the screen with a mobile phone or camera, the \u00a0moir\u00e9 pattern will be even milder.<\/p>\n<p>Fifth point: COB products are closer to traditional display panels, can provide better appearance, more realistic color display effects, and can meet the needs of touch and interaction.<\/p>\n<p>With the continuous development of COB technology and the continuous reduction of COB product costs, COB will be the main force in the small-pitch market in the future.<\/p>\n","protected":false},"excerpt":{"rendered":"<ul>\n<li>\u00a0MiniCOBContrastRatio 10000:1<\/li>\n<li>Powersupply,controlsystem and hub card 3in 1 integrated system, more lighterweight and more stable forscreen working.<\/li>\n<li>Easy cleaning by water,anti-colision.<\/li>\n<li>High precision stitching,micron tolerance and adjustable.<\/li>\n<li>Common cathode circuit with low power consumption.<\/li>\n<\/ul>\n","protected":false},"featured_media":3643,"template":"","meta":{"_acf_changed":false,"_et_pb_use_builder":"","_et_pb_old_content":"","_et_gb_content_width":""},"product_brand":[],"product_cat":[28],"product_tag":[188],"class_list":{"0":"post-3635","1":"product","2":"type-product","3":"status-publish","4":"has-post-thumbnail","6":"product_cat-indoor-led-display","7":"product_tag-cob-led-display","9":"first","10":"instock","11":"shipping-taxable","12":"product-type-simple"},"acf":[],"_links":{"self":[{"href":"https:\/\/maxcolorvisual.com\/hk\/wp-json\/wp\/v2\/product\/3635","targetHints":{"allow":["GET"]}}],"collection":[{"href":"https:\/\/maxcolorvisual.com\/hk\/wp-json\/wp\/v2\/product"}],"about":[{"href":"https:\/\/maxcolorvisual.com\/hk\/wp-json\/wp\/v2\/types\/product"}],"wp:featuredmedia":[{"embeddable":true,"href":"https:\/\/maxcolorvisual.com\/hk\/wp-json\/wp\/v2\/media\/3643"}],"wp:attachment":[{"href":"https:\/\/maxcolorvisual.com\/hk\/wp-json\/wp\/v2\/media?parent=3635"}],"wp:term":[{"taxonomy":"product_brand","embeddable":true,"href":"https:\/\/maxcolorvisual.com\/hk\/wp-json\/wp\/v2\/product_brand?post=3635"},{"taxonomy":"product_cat","embeddable":true,"href":"https:\/\/maxcolorvisual.com\/hk\/wp-json\/wp\/v2\/product_cat?post=3635"},{"taxonomy":"product_tag","embeddable":true,"href":"https:\/\/maxcolorvisual.com\/hk\/wp-json\/wp\/v2\/product_tag?post=3635"}],"curies":[{"name":"wp","href":"https:\/\/api.w.org\/{rel}","templated":true}]}}